{"id":23,"date":"2011-04-23T01:08:58","date_gmt":"2011-04-23T01:08:58","guid":{"rendered":"http:\/\/fundacaobm.org.br\/fbm\/?page_id=23"},"modified":"2024-11-12T11:12:23","modified_gmt":"2024-11-12T14:12:23","slug":"diretoria","status":"publish","type":"page","link":"https:\/\/fundacaobm.org.br\/fbm\/diretoria\/","title":{"rendered":"Diretoria"},"content":{"rendered":"\n<h2 class=\"wp-block-heading\"><strong>DIRETORIA EXECUTIVA:<\/strong><\/h2>\n\n\n\n<p><strong>CARLOS FREDERICO AZEVEDO HIRSCH<\/strong><br>Diretor Presidente<\/p>\n\n\n\n<p><strong>FLAVIO DA SILVA LOPES<\/strong><br>Diretor Vice Presidente<\/p>\n\n\n\n<p><strong>ROGERIO STUMPH PEREIRA JUNIOR<\/strong><br>Diretor Administrativo &#8211; Financeiro<\/p>\n\n\n\n<p><strong>LEANDRO ESTABEL JUNGS<\/strong><br>Diretor Rela\u00e7\u00f5es Institucionais Brigada Militar<\/p>\n\n\n\n<p><strong>OTAVIO POLITA FILHO<\/strong><br>Diretor Rela\u00e7\u00f5es Institucionais Corpo de Bombeiros Militar<\/p>\n\n\n\n<p><strong>CILON FREITAS DA SILVA<\/strong><br>Diretor de Marketing<\/p>\n\n\n\n<p>Secretaria Executiva: Endere\u00e7o: Rua Cel. Andr\u00e9 Belo, 422 Bairro Menino Deus \u2013 Porto Alegre\/RS Fone \u2013 (51) 3286-5818 \u2013 www.fundacaobm.org.br<\/p>\n\n\n\n<p><\/p>\n","protected":false},"excerpt":{"rendered":"<p>DIRETORIA EXECUTIVA: CARLOS FREDERICO AZEVEDO HIRSCHDiretor Presidente FLAVIO DA SILVA LOPESDiretor Vice Presidente ROGERIO STUMPH PEREIRA JUNIORDiretor Administrativo &#8211; Financeiro LEANDRO ESTABEL JUNGSDiretor Rela\u00e7\u00f5es Institucionais Brigada Militar OTAVIO POLITA FILHODiretor Rela\u00e7\u00f5es Institucionais Corpo de Bombeiros Militar CILON FREITAS DA SILVADiretor de Marketing Secretaria Executiva: Endere\u00e7o: Rua Cel. Andr\u00e9 Belo, 422 Bairro Menino Deus \u2013 Porto&hellip;<\/p>\n","protected":false},"author":1,"featured_media":0,"parent":0,"menu_order":0,"comment_status":"open","ping_status":"open","template":"","meta":{"footnotes":""},"class_list":["post-23","page","type-page","status-publish","hentry"],"_links":{"self":[{"href":"https:\/\/fundacaobm.org.br\/fbm\/wp-json\/wp\/v2\/pages\/23","targetHints":{"allow":["GET"]}}],"collection":[{"href":"https:\/\/fundacaobm.org.br\/fbm\/wp-json\/wp\/v2\/pages"}],"about":[{"href":"https:\/\/fundacaobm.org.br\/fbm\/wp-json\/wp\/v2\/types\/page"}],"author":[{"embeddable":true,"href":"https:\/\/fundacaobm.org.br\/fbm\/wp-json\/wp\/v2\/users\/1"}],"replies":[{"embeddable":true,"href":"https:\/\/fundacaobm.org.br\/fbm\/wp-json\/wp\/v2\/comments?post=23"}],"version-history":[{"count":6,"href":"https:\/\/fundacaobm.org.br\/fbm\/wp-json\/wp\/v2\/pages\/23\/revisions"}],"predecessor-version":[{"id":2031,"href":"https:\/\/fundacaobm.org.br\/fbm\/wp-json\/wp\/v2\/pages\/23\/revisions\/2031"}],"wp:attachment":[{"href":"https:\/\/fundacaobm.org.br\/fbm\/wp-json\/wp\/v2\/media?parent=23"}],"curies":[{"name":"wp","href":"https:\/\/api.w.org\/{rel}","templated":true}]}}