{"id":21,"date":"2011-04-23T01:08:33","date_gmt":"2011-04-23T01:08:33","guid":{"rendered":"http:\/\/fundacaobm.org.br\/fbm\/?page_id=21"},"modified":"2016-09-10T13:58:40","modified_gmt":"2016-09-10T16:58:40","slug":"a-fundacao","status":"publish","type":"page","link":"https:\/\/fundacaobm.org.br\/fbm\/a-fundacao\/","title":{"rendered":"A Funda\u00e7\u00e3o"},"content":{"rendered":"<p style=\"text-align: justify;\"><span style=\"color: #000000;\"><a href=\"http:\/\/fundacaobm.org.br\/fbm\/wp-content\/uploads\/2011\/04\/fbm2.jpg\"><img decoding=\"async\" class=\"alignleft size-full wp-image-43\" title=\"fbm2\" src=\"http:\/\/fundacaobm.org.br\/fbm\/wp-content\/uploads\/2011\/04\/fbm2.jpg\" alt=\"\" width=\"200\" height=\"150\" \/><\/a>A Funda\u00e7\u00e3o Brigada Militar cada vez mais s\u00f3lida e firme em suas metas e objetivos.<\/span><\/p>\n<p style=\"text-align: justify;\"><span style=\"color: #000000;\"> Idealizada por brigadianos, ganhou credibilidade e respeito pela postura respons\u00e1vel de seus administradores neste curto espa\u00e7o temporal de pouco mais de 11 anos de exist\u00eancia.<\/span><\/p>\n<p style=\"text-align: justify;\"><span style=\"color: #000000;\"> Vem contribuindo substancialmente com a Brigada Militar, especialmente com a fam\u00edlia brigadiana, atrav\u00e9s de projetos estabelecidos por seus conv\u00eanios e contratos decorrentes.<\/span><\/p>\n<p style=\"text-align: justify;\"><span style=\"color: #000000;\"> Administrar, conservar e explorar financeiramente os bens da corpora\u00e7\u00e3o \u00e9 o principal objetivo da FBM, mas muito mais do que isso s\u00e3o os efeitos refletidos no bem estar social, cultural e profissional do policial militar e seus dependentes. <\/span><\/p>\n<p style=\"text-align: justify;\"><span style=\"color: #000000;\">O potencial de crescimento da FBM \u00e9 fortalecido pelo apoio de todos, e est\u00e1 muito bem definido na feliz express\u00e3o (slogan) criado h\u00e1 poucos anos: \u201cFBM, invista nesta id\u00e9ia\u201d.<\/span><\/p>\n<p style=\"text-align: justify;\"><span style=\"color: #000000;\"> <span style=\"font-family: Verdana;\">Esta diretoria pretende dar prosseguimento aos projetos elaborados pelos gestores anteriores, honrando seus compromissos atrav\u00e9s de uma administra\u00e7\u00e3o moderna e \u00e1gil, compat\u00edvel com o fim a que foi criada a FBM, consoante as exig\u00eancias legais.<\/span><\/span><\/p>\n<p>&nbsp;<\/p>\n","protected":false},"excerpt":{"rendered":"<p>A Funda\u00e7\u00e3o Brigada Militar cada vez mais s\u00f3lida e firme em suas metas e objetivos. Idealizada por brigadianos, ganhou credibilidade e respeito pela postura respons\u00e1vel de seus administradores neste curto espa\u00e7o temporal de pouco mais de 11 anos de exist\u00eancia. Vem contribuindo substancialmente com a Brigada Militar, especialmente com a fam\u00edlia brigadiana, atrav\u00e9s de projetos&hellip;<\/p>\n","protected":false},"author":1,"featured_media":0,"parent":0,"menu_order":0,"comment_status":"open","ping_status":"open","template":"","meta":{"footnotes":""},"class_list":["post-21","page","type-page","status-publish","hentry"],"_links":{"self":[{"href":"https:\/\/fundacaobm.org.br\/fbm\/wp-json\/wp\/v2\/pages\/21","targetHints":{"allow":["GET"]}}],"collection":[{"href":"https:\/\/fundacaobm.org.br\/fbm\/wp-json\/wp\/v2\/pages"}],"about":[{"href":"https:\/\/fundacaobm.org.br\/fbm\/wp-json\/wp\/v2\/types\/page"}],"author":[{"embeddable":true,"href":"https:\/\/fundacaobm.org.br\/fbm\/wp-json\/wp\/v2\/users\/1"}],"replies":[{"embeddable":true,"href":"https:\/\/fundacaobm.org.br\/fbm\/wp-json\/wp\/v2\/comments?post=21"}],"version-history":[{"count":1,"href":"https:\/\/fundacaobm.org.br\/fbm\/wp-json\/wp\/v2\/pages\/21\/revisions"}],"predecessor-version":[{"id":1190,"href":"https:\/\/fundacaobm.org.br\/fbm\/wp-json\/wp\/v2\/pages\/21\/revisions\/1190"}],"wp:attachment":[{"href":"https:\/\/fundacaobm.org.br\/fbm\/wp-json\/wp\/v2\/media?parent=21"}],"curies":[{"name":"wp","href":"https:\/\/api.w.org\/{rel}","templated":true}]}}