{"id":1731,"date":"2021-11-04T10:27:31","date_gmt":"2021-11-04T13:27:31","guid":{"rendered":"http:\/\/fundacaobm.org.br\/fbm\/?page_id=1731"},"modified":"2026-01-23T12:35:39","modified_gmt":"2026-01-23T15:35:39","slug":"profissionais-conveniados","status":"publish","type":"page","link":"https:\/\/fundacaobm.org.br\/fbm\/profissionais-conveniados\/","title":{"rendered":"Profissionais conveniados"},"content":{"rendered":"\n<p><strong><u>RELA\u00c7\u00c3O PROFISSIONAIS LIBERAIS E ENTIDADES PRESTADORAS DE SERVI\u00c7OS CONVENIADAS COM FBM<\/u><\/strong><\/p>\n\n\n\n<p class=\"has-text-align-center\"><u><strong>ADVOGADOS<\/strong><\/u><\/p>\n\n\n\n<p><strong>MICHELE CASTRO FORTES \u2013 PORTO ALEGRE<\/strong><\/p>\n\n\n\n<p><strong>FONE &#8211; 33952772<\/strong><\/p>\n\n\n\n<p><strong>SIMARA DORNELES PINTO \u2013 NOVO HAMBURGO<\/strong><\/p>\n\n\n\n<p><strong>FONE&nbsp; &#8211;<\/strong><\/p>\n\n\n\n<p>                                                          <strong><u>AULAS DE MUSCULA\u00c7\u00c3O E BOXE<\/u><\/strong><\/p>\n\n\n\n<p><strong>ACADEMIA KYOKUSHIN \u2013 PORTO ALEGRE<\/strong><\/p>\n\n\n\n<p><strong>TELEFONES \u2013 33330277 \/33319718<\/strong><\/p>\n\n\n\n<p><strong>&nbsp;&nbsp;&nbsp;&nbsp;&nbsp;&nbsp;&nbsp;&nbsp;&nbsp;&nbsp;&nbsp;&nbsp;&nbsp;&nbsp;&nbsp;&nbsp;&nbsp;&nbsp;&nbsp;&nbsp;&nbsp;&nbsp;&nbsp;&nbsp;&nbsp;&nbsp;&nbsp;&nbsp;&nbsp;&nbsp;&nbsp;&nbsp;&nbsp;&nbsp;&nbsp;&nbsp;&nbsp;&nbsp;&nbsp;&nbsp;&nbsp;&nbsp;&nbsp;&nbsp; <u>COACH<\/u><\/strong><\/p>\n\n\n\n<p><strong>CARLOS OSCAR DA SILVA \u2013 PORTO ALEGRE<\/strong><\/p>\n\n\n\n<p><strong>FONE \u2013 98451-0004<\/strong><\/p>\n\n\n\n<p><strong><u>CR\u00c9DITO CONSIGNADO<\/u><\/strong><\/p>\n\n\n\n<p><strong>SICREDIMIL \u2013 PORTO ALEGRE<\/strong><\/p>\n\n\n\n<p><strong>FONE \u2013 3221-4033\/ 32334333<\/strong><\/p>\n\n\n\n<p><strong><u>FISIOTERAPIA<\/u><\/strong><\/p>\n\n\n\n<p><strong>DAIANE GARIM CARRION \u2013 PORTO ALEGRE<\/strong><\/p>\n\n\n\n<p><strong>FONES 3212-9534 \/ 991831315<\/strong><\/p>\n\n\n\n<p><strong>&nbsp;&nbsp;&nbsp;&nbsp;&nbsp;&nbsp;&nbsp;&nbsp;&nbsp;&nbsp;&nbsp;&nbsp;&nbsp;&nbsp;&nbsp;&nbsp;&nbsp;&nbsp;&nbsp;&nbsp;&nbsp;&nbsp;&nbsp;&nbsp;&nbsp;&nbsp;&nbsp;&nbsp;&nbsp;&nbsp;&nbsp;&nbsp;&nbsp;&nbsp;&nbsp;&nbsp;&nbsp;&nbsp;&nbsp;&nbsp;&nbsp;&nbsp;&nbsp;&nbsp;&nbsp;&nbsp;&nbsp;&nbsp;&nbsp;&nbsp; &nbsp;NUTRICIONISTA<\/strong><\/p>\n\n\n\n<p><strong>HELENA BEATRIZ ROWER- PORTO ALEGRE<\/strong><\/p>\n\n\n\n<p><strong>FONE 997278525<\/strong><\/p>\n\n\n\n<p><strong>PER\u00cdCIA JUDICIAL E ASSIST\u00caNCIA T\u00c9CNICA (GRAFOSCOPIA)<\/strong><\/p>\n\n\n\n<p><strong>HENRIQUE COSTA HIRSCH<\/strong><\/p>\n\n\n\n<p><strong>FONE \u2013 99711-44-57<\/strong><\/p>\n\n\n\n<p class=\"has-text-align-center\"><strong>PSICOL\u00d3GOS<\/strong><\/p>\n\n\n\n<p class=\"has-text-align-center\"><strong>CIDADE DE PAROBE <\/strong><\/p>\n\n\n\n<p><strong>ADELIA MARIA DIAS <\/strong>&#8211; <strong>CRP 0732977 &#8211;<\/strong> <strong>Parob\u00e9 e Vale dos Sinos<\/strong><\/p>\n\n\n\n<p><strong>Fone: (51) 99910-5111    e-mail: adelia41@gmail.com<\/strong><\/p>\n\n\n\n<p><strong>P\u00fablico: Adulto, Jovens e Adolescentes<\/strong><\/p>\n\n\n\n<p><strong>Especializa\u00e7\u00f5es: Psicologia clinica e comunit\u00e1ria (P\u00f3s em dependencia quimica)<\/strong><\/p>\n\n\n\n<p class=\"has-text-align-center\"><strong>CIDADE DE PORTO ALEGRE<\/strong><\/p>\n\n\n\n<p><strong>AFRA CRISINTA CHIAPETTA &#8211; CRP 0730812 &#8211; <\/strong><\/p>\n\n\n\n<p><strong>Endere\u00e7o: Avenida Osvaldo Aranha, 1022 Sala 106 &#8211; POA\/RS<\/strong><\/p>\n\n\n\n<p><strong>Fone: (51) 99190-19732    e-mail: afrachiapetta@gmail.com<\/strong> <\/p>\n\n\n\n<p><strong>P\u00fablico: Adultos e Idosos<\/strong><\/p>\n\n\n\n<p><strong>Especializa\u00e7\u00f5es: Forma\u00e7\u00e3o em teoria pscinalitica de adultos e adultos maduros, relacionamentos abusivos, viol\u00eancia, luto, prepara\u00e7\u00e3o para a aposentadoria.<\/strong><\/p>\n\n\n\n<p><strong>MICHELE TAIS FORNARI &#8211; CRP 0716578<\/strong><\/p>\n\n\n\n<p><strong>Endere\u00e7o: Avenida Get\u00falio Vargas, 908 Sala 902 &#8211; POA\/RS<\/strong><\/p>\n\n\n\n<p><strong>e-mail: fornari.mi@gmail.com<\/strong><\/p>\n\n\n\n<p><strong>P\u00fablico: Adultos<\/strong><\/p>\n\n\n\n<p><strong>Especializa\u00e7\u00f5es: Psicoterap\u00eda e renova\u00e7\u00e3o de porto de arma exclusivamente para Militares Estaduais da Reserva.<\/strong><\/p>\n\n\n\n<p><strong>RAFAELA BORGMAN CRESTANI &#8211; CRPO 07387448<\/strong><\/p>\n\n\n\n<p><strong>Endere\u00e7o: Rua Tomas Flores, 95 Sala 403 &#8211; POA\/RS<\/strong><\/p>\n\n\n\n<p><strong>Fone: (51) 99123-3411 &#8211; e-mail: rafaelabcrestani@gmail.com <\/strong><\/p>\n\n\n\n<p><strong>P\u00fablico: Adolescente e adultos <\/strong><\/p>\n\n\n\n<p><strong>Especializa\u00e7\u00f5es: Psicoterapia psicanal\u00edtica da inf\u00e2ncia e adolesc\u00eancia.<\/strong><\/p>\n\n\n\n<p><strong>TATIANE NUNES RONCATTO &#8211; CRPO 0735483<\/strong><\/p>\n\n\n\n<p><strong>Endere\u00e7o: Rua Cel Andre Belo, 422 &#8211; Sede FBM POA\/RS<\/strong><\/p>\n\n\n\n<p><strong>Fone: (51) 99469-2711 e-mail: tatianeroncatto@hotmail.com<\/strong><\/p>\n\n\n\n<p><strong>P\u00fablico: Adolescente, pr\u00e9-adolescente, familiar e adulto<\/strong><\/p>\n\n\n\n<p><strong>Especializa\u00e7\u00f5es: Psicologia clinica com enf\u00e2se em s\u00e1ude mental de adolescentes e adultos. Psicoterapia em adultos, Psicoterapias psicanal\u00edticas (depress\u00e3o, luto, ansiedade e traumas).<\/strong><\/p>\n\n\n\n<p><strong>CARLA ADRIANA SILVA OLIVEIRA &#8211; CPR 0735681<\/strong><\/p>\n\n\n\n<p><strong>Endere\u00e7o: Rua Cel Andre Belo, 422 &#8211; Sede FBM &#8211; POA\/RS<\/strong><\/p>\n\n\n\n<p><strong>Fone: (51) 99509-5553   e-mail: psicocarlaoliveira@gmail.com<\/strong><\/p>\n\n\n\n<p><strong>P\u00fablico: Adultos e crian\u00e7as<\/strong><\/p>\n\n\n\n<p><strong>Especializa\u00e7\u00f5es: Psicologia cl\u00ednica com \u00eanfase em sa\u00fade mental de adolescentes e adultos. Psicoterapia em adultos, Psicoterapia psicanal\u00edtica (depress\u00e3o, luto, ansiedade e traumas).<\/strong><\/p>\n\n\n\n<p>J<strong>ENNIFER SOARES PULS &#8211; CPR 0736189<\/strong><\/p>\n\n\n\n<p><strong>Presencial Porto Alegre, Canoas, Nova Santa Rita e on line para todas as regi\u00f5es<\/strong><\/p>\n\n\n\n<p><strong>Fone: (51) 99817-0040   e-mail: jenniferpuls.psicologia@gmail.com <\/strong><\/p>\n\n\n\n<p><strong>P\u00fablico: Crian\u00e7a, adulto, adolescentes e idosos<\/strong><\/p>\n\n\n\n<p><strong>Especializa\u00e7\u00f5es: Cuidados paliativos, envelhecimento, luto, oncologia e finitud<\/strong>e<\/p>\n\n\n\n<p class=\"has-text-align-center\"><strong>CIDADE DE PELOTAS &#8211; RS<\/strong><\/p>\n\n\n\n<p><strong>CARMEN SILVA B. LOPES SARMIENTO &#8211; CRP  0707828<\/strong><\/p>\n\n\n\n<p><strong>Endere\u00e7o: Rua Andrades Neves, 2142 Sala 03 &#8211; Centro de Pelotas<\/strong><\/p>\n\n\n\n<p><strong>Fone: (51) 99833-1311  e-mail: carmensarmiento@gmail.com  <\/strong><\/p>\n\n\n\n<p><strong>P\u00fablico: Crian\u00e7as, adolescentes, adultos, jovens adultos, maduros e idosos, casais e familiar.<\/strong><\/p>\n\n\n\n<p><strong>Especializa\u00e7\u00f5es: Psicologia cl\u00ednica, Neuropsicol\u00f3gica e Per\u00edcia Psicol\u00f3gica.<\/strong><\/p>\n\n\n\n<p class=\"has-text-align-center\"><strong>CIDADE DE CAMPO BOM &#8211; RS<\/strong><\/p>\n\n\n\n<p><strong>CAROLINE RIBEIRO DE MELO &#8211; CRP 0730593<\/strong><\/p>\n\n\n\n<p><strong>Campo Bom presencial e online todas as cidades <\/strong><\/p>\n\n\n\n<p><strong>Fone: (51) 99833-1311   e-mail: carolinemelo!@soufaccat.br <\/strong><\/p>\n\n\n\n<p><strong>P\u00fablico: Idosos e Adultos<\/strong><\/p>\n\n\n\n<p><strong>Especializa\u00e7\u00f5es: Abordagem Humanista, ansiedade, depress\u00e3o, comunica\u00e7\u00f5es e quest\u00f5es gerais de exist\u00eancia humana.<\/strong><\/p>\n\n\n\n<p><strong>ROSE AM\u00c9LIA DE LEMOS &#8211; CRP 0730605<\/strong><\/p>\n\n\n\n<p><strong>Somente On Line <\/strong><\/p>\n\n\n\n<p><strong>Fone: (51) 99569-0026  e:mail: roseameliapsi@gmail.com   <\/strong><\/p>\n\n\n\n<p><strong>P\u00fablico: Adolescente, crian\u00e7as, adultos, familias, p\u00fablico LGBT e casais<\/strong><\/p>\n\n\n\n<p><strong>Especializa\u00e7\u00f5es: Terapia cognitiva comportamental e psicol\u00f3gica e abordagem humanista<\/strong><\/p>\n\n\n\n<p class=\"has-text-align-center\"><strong>CIDADE DE SANTA MARIA &#8211; RS<\/strong><\/p>\n\n\n\n<p><strong>ELIDA DE SOUZA RODRIGUES &#8211; CRP 0719127<\/strong><\/p>\n\n\n\n<p><strong>Endere\u00e7o; Rua Alberto Pasqualini, 56 Sala 602 &#8211; <\/strong><\/p>\n\n\n\n<p><strong>Fone: (51) 99159-8630  e-mail: elidadesr@yahoo.com.br<\/strong><\/p>\n\n\n\n<p><strong>P\u00fablico: Adolescentes e adultos <\/strong><\/p>\n\n\n\n<p><strong>Especializa\u00e7\u00f5es: Anal\u00edtica e terapia breve.<\/strong><\/p>\n\n\n\n<p class=\"has-text-align-center\"><strong>CIDADE DE CANOAS &#8211; RS<\/strong><\/p>\n\n\n\n<p><strong>MARIANGELA DA SILVA CANFILD &#8211; CRP 0707034<\/strong><\/p>\n\n\n\n<p><strong>Endere\u00e7o: Rua Cairu, 630 &#8211; Condominio Vicari Loja 07 &#8211; Bairro Rio Branco &#8211; Canoas RS<\/strong><\/p>\n\n\n\n<p><strong>Fone: (51) 99944-1751  e-mail: mariangelacanfild61@gmail.com   <\/strong><\/p>\n\n\n\n<p><strong>P\u00fablico: Inativos da BM, PC Aeron\u00e1utica, candidatos civis (Concursos)<\/strong><\/p>\n\n\n\n<p><strong>Especializa\u00e7\u00f5es: Zuliger, Palografico, baterias psciom\u00e9tricas.<\/strong><\/p>\n\n\n\n<p><strong>JENNIFER SOARES PULS &#8211; CRP 0736189<\/strong><\/p>\n\n\n\n<p><strong>Presencial Porto Alegre, Canoas, Nova Santa Rita e online para todas as regi\u00f5es.<\/strong><\/p>\n\n\n\n<p><strong>Fone: (51) 99817-0040  e-mail: jenniferplus.psicologia@gmail.com <\/strong><\/p>\n\n\n\n<p><strong>P\u00fablico: Crian\u00e7as, adultos, adolescentes e idosos.<\/strong><\/p>\n\n\n\n<p><strong>Especializa\u00e7\u00f5es: Cuidados paliativos, envelhecimento, luto, oncologia e finitude.<\/strong><\/p>\n\n\n\n<p class=\"has-text-align-center\"><strong>CIDADE DE MONTENEGRO &#8211; RS<\/strong><\/p>\n\n\n\n<p><strong>MAILE EDI JANTSCH &#8211; CRP 13512<\/strong><\/p>\n\n\n\n<p><strong>Endere\u00e7o: Rua Capit\u00e3o Cruz. 1015 &#8211; Montenegro\/RS <\/strong><\/p>\n\n\n\n<p><strong>Fone: (51)  9960652657  e-mail: mailejantsch43@gmail.com  <\/strong><\/p>\n\n\n\n<p><strong>P\u00fablico: Adultos e Idosos<\/strong><\/p>\n\n\n\n<p><strong>Especializa\u00e7\u00f5es: Psicoterapia breve e \u00e1rea cl\u00ednica<\/strong><\/p>\n\n\n\n<p><strong>CANDIDA MANTOVANI &#8211; CRP 0742132<\/strong><\/p>\n\n\n\n<p><strong>Endere\u00e7o: Rua Osvaldo Aranha, 1930 Sala 32 &#8211; Montenegro\/RS <\/strong><\/p>\n\n\n\n<p><strong>Fone: (51) 99513-6639  e-mail: candida.mantovani2@gmail.com  <\/strong><\/p>\n\n\n\n<p><strong>P\u00fablico: Adolescente, adultos e Idosos<\/strong><\/p>\n\n\n\n<p><strong>Especializa\u00e7\u00f5es: Psicoterapia psicodin\u00e2mica<\/strong><\/p>\n\n\n\n<p class=\"has-text-align-center\"><strong>CIDADE DE OS\u00d3RIO &#8211; RS<\/strong><\/p>\n\n\n\n<p><strong>NADIA STEFANI P. SINHORELI &#8211; CRP 0726007<\/strong><\/p>\n\n\n\n<p><strong>Endere\u00e7o: Rua Jo\u00e3o Sarmento, 400 Sala 107 &#8211; Os\u00f3rio\/RS <\/strong><\/p>\n\n\n\n<p>               <strong>   Avenida Atl\u00e2ntico, 1810 Sala 311 &#8211; Tramanda\u00ed\/RS<\/strong><\/p>\n\n\n\n<p><strong>Fone: (51) 99987-42043  e-mail: n.stefania@hotmail.com   <\/strong><\/p>\n\n\n\n<p><strong>P\u00fablico: Crian\u00e7as, adolescentes e adultos<\/strong><\/p>\n\n\n\n<p><strong>Especializa\u00e7\u00f5es: Laudo psicol\u00f3gico escolar, judiciais e avalia\u00e7\u00f5es escolares.<\/strong><\/p>\n\n\n\n<p><strong>MARIA DENISE ANDRIOLI BESOUCHET &#8211; CRP <\/strong><\/p>\n\n\n\n<p><strong>Endere\u00e7o: Rua Alexandre Renda, 160 &#8211; Os\u00f3rio\/RS<\/strong><\/p>\n\n\n\n<p><strong>Fone: (51) 98947-0087  e:mail: andreolibesouchet@gmail.com  <\/strong><\/p>\n\n\n\n<p><strong>P\u00fablico: Idosos e adultos <\/strong><\/p>\n\n\n\n<p><strong>VALDIRENE REGINA GON\u00c7ALVES FIDELIS &#8211; CRP 0733811<\/strong><\/p>\n\n\n\n<p><strong>e-mail: valfidelispsico@gmail.com   <\/strong><\/p>\n\n\n\n<p><strong>P\u00fablico: Jovens, maduros e idosos.<\/strong><\/p>\n\n\n\n<p><strong>Especializa\u00e7\u00f5es: Terapia familiar, clinica <\/strong><\/p>\n\n\n\n<p><strong>PAULO VAGNER NUNES BEZERRA CRP 0736199<\/strong><\/p>\n\n\n\n<p><strong>Somente On line e v\u00eddeo chamadas<\/strong><\/p>\n\n\n\n<p><strong>Fone: (54) 98144-3877   e:mail: escritorpaulonunes@gmail.com   <\/strong><\/p>\n\n\n\n<p><strong>P\u00fablico: Adultos<\/strong><\/p>\n\n\n\n<p><strong>Especializa\u00e7\u00f5es: Orienta\u00e7\u00e3o psicanal\u00edtica, ansiedade, estresse, transtorno geral e relacionamentos amorosos.<\/strong><\/p>\n\n\n\n<p><\/p>\n\n\n\n<p><\/p>\n","protected":false},"excerpt":{"rendered":"<p>RELA\u00c7\u00c3O PROFISSIONAIS LIBERAIS E ENTIDADES PRESTADORAS DE SERVI\u00c7OS CONVENIADAS COM FBM ADVOGADOS MICHELE CASTRO FORTES \u2013 PORTO ALEGRE FONE &#8211; 33952772 SIMARA DORNELES PINTO \u2013 NOVO HAMBURGO FONE&nbsp; &#8211; AULAS DE MUSCULA\u00c7\u00c3O E BOXE ACADEMIA KYOKUSHIN \u2013 PORTO ALEGRE TELEFONES \u2013 33330277 \/33319718 &nbsp;&nbsp;&nbsp;&nbsp;&nbsp;&nbsp;&nbsp;&nbsp;&nbsp;&nbsp;&nbsp;&nbsp;&nbsp;&nbsp;&nbsp;&nbsp;&nbsp;&nbsp;&nbsp;&nbsp;&nbsp;&nbsp;&nbsp;&nbsp;&nbsp;&nbsp;&nbsp;&nbsp;&nbsp;&nbsp;&nbsp;&nbsp;&nbsp;&nbsp;&nbsp;&nbsp;&nbsp;&nbsp;&nbsp;&nbsp;&nbsp;&nbsp;&nbsp;&nbsp; COACH CARLOS OSCAR DA SILVA \u2013 PORTO ALEGRE FONE \u2013 98451-0004&hellip;<\/p>\n","protected":false},"author":1,"featured_media":0,"parent":0,"menu_order":0,"comment_status":"closed","ping_status":"closed","template":"","meta":{"footnotes":""},"class_list":["post-1731","page","type-page","status-publish","hentry"],"_links":{"self":[{"href":"https:\/\/fundacaobm.org.br\/fbm\/wp-json\/wp\/v2\/pages\/1731","targetHints":{"allow":["GET"]}}],"collection":[{"href":"https:\/\/fundacaobm.org.br\/fbm\/wp-json\/wp\/v2\/pages"}],"about":[{"href":"https:\/\/fundacaobm.org.br\/fbm\/wp-json\/wp\/v2\/types\/page"}],"author":[{"embeddable":true,"href":"https:\/\/fundacaobm.org.br\/fbm\/wp-json\/wp\/v2\/users\/1"}],"replies":[{"embeddable":true,"href":"https:\/\/fundacaobm.org.br\/fbm\/wp-json\/wp\/v2\/comments?post=1731"}],"version-history":[{"count":4,"href":"https:\/\/fundacaobm.org.br\/fbm\/wp-json\/wp\/v2\/pages\/1731\/revisions"}],"predecessor-version":[{"id":2214,"href":"https:\/\/fundacaobm.org.br\/fbm\/wp-json\/wp\/v2\/pages\/1731\/revisions\/2214"}],"wp:attachment":[{"href":"https:\/\/fundacaobm.org.br\/fbm\/wp-json\/wp\/v2\/media?parent=1731"}],"curies":[{"name":"wp","href":"https:\/\/api.w.org\/{rel}","templated":true}]}}