{"id":1259,"date":"2017-01-11T10:06:19","date_gmt":"2017-01-11T12:06:19","guid":{"rendered":"http:\/\/fundacaobm.org.br\/fbm\/?page_id=1259"},"modified":"2025-10-08T15:22:24","modified_gmt":"2025-10-08T18:22:24","slug":"instituicoes-de-ensino-conveniadas","status":"publish","type":"page","link":"https:\/\/fundacaobm.org.br\/fbm\/instituicoes-de-ensino-conveniadas\/","title":{"rendered":"Institui\u00e7\u00f5es de ensino conveniadas"},"content":{"rendered":"\t\t<div data-elementor-type=\"wp-page\" data-elementor-id=\"1259\" class=\"elementor elementor-1259\" data-elementor-post-type=\"page\">\n\t\t\t\t<div class=\"elementor-element elementor-element-49db9491 e-flex e-con-boxed e-con e-parent\" data-id=\"49db9491\" data-element_type=\"container\">\n\t\t\t\t\t<div class=\"e-con-inner\">\n\t\t\t\t<div class=\"elementor-element elementor-element-6420eb0f elementor-widget elementor-widget-text-editor\" data-id=\"6420eb0f\" data-element_type=\"widget\" data-widget_type=\"text-editor.default\">\n\t\t\t\t<div class=\"elementor-widget-container\">\n\t\t\t\t\t\t\t\t\t<p>\u00a0<\/p><ul><li><strong>ALCIDES MAYA- <\/strong>\u00a0Escola T\u00e9cnica- Faculdade e Escola t\u00e9cnica &#8211; 40%Curso t\u00e9cnico e de Extens\u00e3o manha e noite 50% Cursos T\u00e9cnicos tarde 35%\u00a0 Cursos Gradua\u00e7\u00e3o Tecnol\u00f3gica e P\u00f3s Gradua\u00e7\u00e3o.<\/li><li><strong>COL\u00c9GIO BATISTA<\/strong> &#8211; 10% de desconto nas mensalidades exceto no curso integral e n\u00e3o inclui pndo\u00a0 a primeira parcela ( matricula)<\/li><li><strong>COL\u00c9GIO NOSSA SENHORA\u00a0\u00a0 DO\u00a0\u00a0\u00a0 BRASIL<\/strong>\u00a0<\/li><li>15%\u00a0 (infantil ou fundamental) Obs. extensivo para filhos e netos.<\/li><\/ul><ul><li><strong>COL\u00c9GIO JO\u00c3O\u00a0\u00a0\u00a0\u00a0 PAULO\u00a0\u00a0\u00a0 ZONA\u00a0\u00a0\u00a0\u00a0 SUL <\/strong>\u00a0&#8211; 10% para educa\u00e7\u00e3o infantil ensino fundamental, ensino m\u00e9dio, e cursos de curr\u00edculo complementar.<\/li><\/ul><ul><li><strong>COL\u00c9GIO LA SALLE DORES &#8211;<\/strong> 20% Educa\u00e7\u00e3o infantil,\u00a0 Ensino Fundamental e Ensino M\u00e9dio\u00a0\u00a0<\/li><\/ul><ul><li><strong>FADERGS<\/strong> &#8211; 10% Gradua\u00e7\u00e3o e P\u00f3s Gradua\u00e7\u00e3o<\/li><li><strong>FACULDADE DOM BOSCO<\/strong> &#8211; 10% Gradua\u00e7\u00e3o e P\u00f3s Gradua\u00e7\u00e3o.<\/li><li><strong>FUNDA\u00c7\u00c3O MINIST\u00c9RIO P\u00daBLICO &#8211; ESMP<\/strong> &#8211; 10% a 50%\u00a0 de desconto nas mensalidades.<\/li><\/ul><ul><li><strong>QI &#8211; ESCOLAS <\/strong>\u00a0&#8211; 20% desconto nos cursos .<\/li><li><strong>SOCIEDADE DE ENSINO SUPERIOR EST\u00c1CIO DE S\u00c1<\/strong> &#8211; Descontos de ate 50% nas mensalidades. <strong>\u00a0SISTEMA EDUCACIONAL ML\u00a0\u00a0\u00a0\u00a0 CONCEPT<\/strong> \u00a0 &#8211; 30% Descontos nos Cursos.<\/li><li>\u00a0<\/li><li><strong>UNIRITTER<\/strong> &#8211; 10%\u00a0 De desconto nos cursos<\/li><li><strong>UNILASALLE<\/strong>&#8211; 40% Titular ou dependentes\u00a0 em P\u00f3s Gradua\u00e7\u00e3o Latu Sensu ;40%\u00a0 Strictu Sensu. Direito e Psicologia; 25% : em demais cursos. 20%. em cursos de extens\u00e3o .Pilates, Hidrogin\u00e1stica, muscula\u00e7\u00e3o, Loca\u00e7\u00e3o de quadras do Poliesportivo 30%<\/li><li><strong>UNISINOS <\/strong>-EAD Cursos de Gradua\u00e7\u00e3o e P\u00f3s Latu Sensu 10%<\/li><li><strong>UNINTER<\/strong> &#8211; 10% de desconto Presencial e EAD<\/li><li><strong>CRECHE\u00a0 ANJINHO DO<\/strong> <strong>SABER<\/strong> -10 a 25% no valor da mensalidade\u00a0<\/li><li><strong>SISTEMA EDUCACIONAL -ML<\/strong> <strong>CONCEPT<\/strong> -30% Cursos<\/li><li><strong>ULBRA<\/strong> &#8211; 30% gradua\u00e7\u00e3o e p\u00f3s gradua\u00e7\u00e3o (exceto medicina);15% para redes de escolas.<\/li><li>\u00a0<\/li><\/ul>\t\t\t\t\t\t\t\t<\/div>\n\t\t\t\t<\/div>\n\t\t\t\t\t<\/div>\n\t\t\t\t<\/div>\n\t\t\t\t<\/div>\n\t\t","protected":false},"excerpt":{"rendered":"<p>\u00a0 ALCIDES MAYA- \u00a0Escola T\u00e9cnica- Faculdade e Escola t\u00e9cnica &#8211; 40%Curso t\u00e9cnico e de Extens\u00e3o manha e noite 50% Cursos T\u00e9cnicos tarde 35%\u00a0 Cursos Gradua\u00e7\u00e3o Tecnol\u00f3gica e P\u00f3s Gradua\u00e7\u00e3o. COL\u00c9GIO BATISTA &#8211; 10% de desconto nas mensalidades exceto no curso integral e n\u00e3o inclui pndo\u00a0 a primeira parcela ( matricula) COL\u00c9GIO NOSSA SENHORA\u00a0\u00a0 DO\u00a0\u00a0\u00a0 BRASIL\u00a0&hellip;<\/p>\n","protected":false},"author":1,"featured_media":0,"parent":0,"menu_order":0,"comment_status":"closed","ping_status":"closed","template":"","meta":{"footnotes":""},"class_list":["post-1259","page","type-page","status-publish","hentry"],"_links":{"self":[{"href":"https:\/\/fundacaobm.org.br\/fbm\/wp-json\/wp\/v2\/pages\/1259","targetHints":{"allow":["GET"]}}],"collection":[{"href":"https:\/\/fundacaobm.org.br\/fbm\/wp-json\/wp\/v2\/pages"}],"about":[{"href":"https:\/\/fundacaobm.org.br\/fbm\/wp-json\/wp\/v2\/types\/page"}],"author":[{"embeddable":true,"href":"https:\/\/fundacaobm.org.br\/fbm\/wp-json\/wp\/v2\/users\/1"}],"replies":[{"embeddable":true,"href":"https:\/\/fundacaobm.org.br\/fbm\/wp-json\/wp\/v2\/comments?post=1259"}],"version-history":[{"count":14,"href":"https:\/\/fundacaobm.org.br\/fbm\/wp-json\/wp\/v2\/pages\/1259\/revisions"}],"predecessor-version":[{"id":2180,"href":"https:\/\/fundacaobm.org.br\/fbm\/wp-json\/wp\/v2\/pages\/1259\/revisions\/2180"}],"wp:attachment":[{"href":"https:\/\/fundacaobm.org.br\/fbm\/wp-json\/wp\/v2\/media?parent=1259"}],"curies":[{"name":"wp","href":"https:\/\/api.w.org\/{rel}","templated":true}]}}