{"id":1124,"date":"2016-09-07T18:37:41","date_gmt":"2016-09-07T21:37:41","guid":{"rendered":"http:\/\/fundacaobm.org.br\/fbm\/?page_id=1124"},"modified":"2024-04-21T16:59:06","modified_gmt":"2024-04-21T19:59:06","slug":"home","status":"publish","type":"page","link":"https:\/\/fundacaobm.org.br\/fbm\/home\/","title":{"rendered":"Home"},"content":{"rendered":"\t\t<div data-elementor-type=\"wp-page\" data-elementor-id=\"1124\" class=\"elementor elementor-1124\" data-elementor-post-type=\"page\">\n\t\t\t\t<div class=\"elementor-element elementor-element-236dd5e e-flex e-con-boxed e-con e-parent\" data-id=\"236dd5e\" data-element_type=\"container\">\n\t\t\t\t\t<div class=\"e-con-inner\">\n\t\t\t\t<div class=\"elementor-element elementor-element-6fc6475 elementor-widget elementor-widget-heading\" data-id=\"6fc6475\" data-element_type=\"widget\" data-widget_type=\"heading.default\">\n\t\t\t\t<div class=\"elementor-widget-container\">\n\t\t\t\t\t<h3 class=\"elementor-heading-title elementor-size-default\"><a href=\"https:\/\/fundacaobm.org.br\/fbm\/category\/fbm\/\">NOT\u00cdCIAS FBM<\/a><\/h3>\t\t\t\t<\/div>\n\t\t\t\t<\/div>\n\t\t\t\t<div class=\"elementor-element elementor-element-5ac548a elementor-grid-3 elementor-grid-tablet-2 elementor-grid-mobile-1 elementor-posts--thumbnail-top elementor-widget elementor-widget-posts\" data-id=\"5ac548a\" data-element_type=\"widget\" data-settings=\"{&quot;classic_columns&quot;:&quot;3&quot;,&quot;classic_columns_tablet&quot;:&quot;2&quot;,&quot;classic_columns_mobile&quot;:&quot;1&quot;,&quot;classic_row_gap&quot;:{&quot;unit&quot;:&quot;px&quot;,&quot;size&quot;:35,&quot;sizes&quot;:[]},&quot;classic_row_gap_tablet&quot;:{&quot;unit&quot;:&quot;px&quot;,&quot;size&quot;:&quot;&quot;,&quot;sizes&quot;:[]},&quot;classic_row_gap_mobile&quot;:{&quot;unit&quot;:&quot;px&quot;,&quot;size&quot;:&quot;&quot;,&quot;sizes&quot;:[]}}\" data-widget_type=\"posts.classic\">\n\t\t\t\t<div class=\"elementor-widget-container\">\n\t\t\t\t\t\t\t<div class=\"elementor-posts-container elementor-posts elementor-posts--skin-classic elementor-grid\">\n\t\t\t\t<article class=\"elementor-post elementor-grid-item post-2225 post type-post status-publish format-standard hentry category-fbm\">\n\t\t\t\t<div class=\"elementor-post__text\">\n\t\t\t\t<h3 class=\"elementor-post__title\">\n\t\t\t<a href=\"https:\/\/fundacaobm.org.br\/fbm\/2026\/04\/nova-doacao-de-cestas-basicas\/\" >\n\t\t\t\tNOVA DOA\u00c7\u00c3O DE CESTAS BASICAS.\t\t\t<\/a>\n\t\t<\/h3>\n\t\t\t\t<div class=\"elementor-post__meta-data\">\n\t\t\t\t\t<span class=\"elementor-post-date\">\n\t\t\t9 de abril de 2026\t\t<\/span>\n\t\t\t\t<\/div>\n\t\t\t\t<\/div>\n\t\t\t\t<\/article>\n\t\t\t\t<article class=\"elementor-post elementor-grid-item post-2186 post type-post status-publish format-standard hentry category-fbm\">\n\t\t\t\t<div class=\"elementor-post__text\">\n\t\t\t\t<h3 class=\"elementor-post__title\">\n\t\t\t<a href=\"https:\/\/fundacaobm.org.br\/fbm\/2025\/10\/fbm-tem-prestacao-de-contas-aprovada-pelo-ministerio-publico\/\" >\n\t\t\t\tFBM TEM PRESTA\u00c7\u00c3O DE CONTAS APROVADA PELO MINISTERIO PUBLICO\t\t\t<\/a>\n\t\t<\/h3>\n\t\t\t\t<div class=\"elementor-post__meta-data\">\n\t\t\t\t\t<span class=\"elementor-post-date\">\n\t\t\t14 de outubro de 2025\t\t<\/span>\n\t\t\t\t<\/div>\n\t\t\t\t<\/div>\n\t\t\t\t<\/article>\n\t\t\t\t<article class=\"elementor-post elementor-grid-item post-2171 post type-post status-publish format-standard hentry category-fbm\">\n\t\t\t\t<div class=\"elementor-post__text\">\n\t\t\t\t<h3 class=\"elementor-post__title\">\n\t\t\t<a href=\"https:\/\/fundacaobm.org.br\/fbm\/2025\/09\/aniversario-fbm\/\" >\n\t\t\t\tANIVERSARIO FBM\t\t\t<\/a>\n\t\t<\/h3>\n\t\t\t\t<div class=\"elementor-post__meta-data\">\n\t\t\t\t\t<span class=\"elementor-post-date\">\n\t\t\t18 de setembro de 2025\t\t<\/span>\n\t\t\t\t<\/div>\n\t\t\t\t<\/div>\n\t\t\t\t<\/article>\n\t\t\t\t<\/div>\n\t\t\n\t\t\t\t\t\t<\/div>\n\t\t\t\t<\/div>\n\t\t\t\t<div class=\"elementor-element elementor-element-5567e2c elementor-widget elementor-widget-spacer\" data-id=\"5567e2c\" data-element_type=\"widget\" data-widget_type=\"spacer.default\">\n\t\t\t\t<div class=\"elementor-widget-container\">\n\t\t\t\t\t\t\t<div class=\"elementor-spacer\">\n\t\t\t<div class=\"elementor-spacer-inner\"><\/div>\n\t\t<\/div>\n\t\t\t\t\t\t<\/div>\n\t\t\t\t<\/div>\n\t\t\t\t\t<\/div>\n\t\t\t\t<\/div>\n\t\t<div class=\"elementor-element elementor-element-8bbd325 e-flex e-con-boxed e-con e-parent\" data-id=\"8bbd325\" data-element_type=\"container\">\n\t\t\t\t\t<div class=\"e-con-inner\">\n\t\t\t\t<div class=\"elementor-element elementor-element-20904d3 elementor-widget elementor-widget-heading\" data-id=\"20904d3\" data-element_type=\"widget\" data-widget_type=\"heading.default\">\n\t\t\t\t<div class=\"elementor-widget-container\">\n\t\t\t\t\t<h3 class=\"elementor-heading-title elementor-size-default\"><a href=\"https:\/\/fundacaobm.org.br\/fbm\/category\/convenios\/\">NOVOS CONV\u00caNIOS (ver todos)<\/a><\/h3>\t\t\t\t<\/div>\n\t\t\t\t<\/div>\n\t\t\t\t<div class=\"elementor-element elementor-element-4af36c7 elementor-grid-3 elementor-grid-tablet-2 elementor-grid-mobile-1 elementor-posts--thumbnail-top elementor-widget elementor-widget-posts\" data-id=\"4af36c7\" data-element_type=\"widget\" data-settings=\"{&quot;classic_columns&quot;:&quot;3&quot;,&quot;classic_columns_tablet&quot;:&quot;2&quot;,&quot;classic_columns_mobile&quot;:&quot;1&quot;,&quot;classic_row_gap&quot;:{&quot;unit&quot;:&quot;px&quot;,&quot;size&quot;:35,&quot;sizes&quot;:[]},&quot;classic_row_gap_tablet&quot;:{&quot;unit&quot;:&quot;px&quot;,&quot;size&quot;:&quot;&quot;,&quot;sizes&quot;:[]},&quot;classic_row_gap_mobile&quot;:{&quot;unit&quot;:&quot;px&quot;,&quot;size&quot;:&quot;&quot;,&quot;sizes&quot;:[]}}\" data-widget_type=\"posts.classic\">\n\t\t\t\t<div class=\"elementor-widget-container\">\n\t\t\t\t\t\t\t<div class=\"elementor-posts-container elementor-posts elementor-posts--skin-classic elementor-grid\">\n\t\t\t\t<article class=\"elementor-post elementor-grid-item post-1946 post type-post status-publish format-standard has-post-thumbnail hentry category-convenios\">\n\t\t\t\t<a class=\"elementor-post__thumbnail__link\" href=\"https:\/\/fundacaobm.org.br\/fbm\/2024\/01\/convenio-fbm-ulbra\/\" tabindex=\"-1\" >\n\t\t\t<div class=\"elementor-post__thumbnail\"><img decoding=\"async\" width=\"300\" height=\"158\" src=\"https:\/\/fundacaobm.org.br\/fbm\/wp-content\/uploads\/2024\/01\/compartilhamento-300x158.jpg\" class=\"attachment-medium size-medium wp-image-1947\" alt=\"\" srcset=\"https:\/\/fundacaobm.org.br\/fbm\/wp-content\/uploads\/2024\/01\/compartilhamento-300x158.jpg 300w, https:\/\/fundacaobm.org.br\/fbm\/wp-content\/uploads\/2024\/01\/compartilhamento.jpg 600w\" sizes=\"(max-width: 300px) 100vw, 300px\" \/><\/div>\n\t\t<\/a>\n\t\t\t\t<div class=\"elementor-post__text\">\n\t\t\t\t<h3 class=\"elementor-post__title\">\n\t\t\t<a href=\"https:\/\/fundacaobm.org.br\/fbm\/2024\/01\/convenio-fbm-ulbra\/\" >\n\t\t\t\tRenovado Conv\u00eanio FBM-Ulbra\t\t\t<\/a>\n\t\t<\/h3>\n\t\t\t\t<div class=\"elementor-post__meta-data\">\n\t\t\t\t\t<span class=\"elementor-post-date\">\n\t\t\t11 de janeiro de 2024\t\t<\/span>\n\t\t\t\t<\/div>\n\t\t\t\t<\/div>\n\t\t\t\t<\/article>\n\t\t\t\t<article class=\"elementor-post elementor-grid-item post-1908 post type-post status-publish format-standard has-post-thumbnail hentry category-convenios\">\n\t\t\t\t<a class=\"elementor-post__thumbnail__link\" href=\"https:\/\/fundacaobm.org.br\/fbm\/2023\/08\/mba-ipog-gestao-em-seguranca-publica\/\" tabindex=\"-1\" >\n\t\t\t<div class=\"elementor-post__thumbnail\"><img fetchpriority=\"high\" decoding=\"async\" width=\"171\" height=\"300\" src=\"https:\/\/fundacaobm.org.br\/fbm\/wp-content\/uploads\/2023\/08\/MATERIAL-IPOG-171x300.png\" class=\"attachment-medium size-medium wp-image-1909\" alt=\"\" srcset=\"https:\/\/fundacaobm.org.br\/fbm\/wp-content\/uploads\/2023\/08\/MATERIAL-IPOG-171x300.png 171w, https:\/\/fundacaobm.org.br\/fbm\/wp-content\/uploads\/2023\/08\/MATERIAL-IPOG-585x1024.png 585w, https:\/\/fundacaobm.org.br\/fbm\/wp-content\/uploads\/2023\/08\/MATERIAL-IPOG-768x1344.png 768w, https:\/\/fundacaobm.org.br\/fbm\/wp-content\/uploads\/2023\/08\/MATERIAL-IPOG-878x1536.png 878w, https:\/\/fundacaobm.org.br\/fbm\/wp-content\/uploads\/2023\/08\/MATERIAL-IPOG-1170x2048.png 1170w, https:\/\/fundacaobm.org.br\/fbm\/wp-content\/uploads\/2023\/08\/MATERIAL-IPOG.png 1250w\" sizes=\"(max-width: 171px) 100vw, 171px\" \/><\/div>\n\t\t<\/a>\n\t\t\t\t<div class=\"elementor-post__text\">\n\t\t\t\t<h3 class=\"elementor-post__title\">\n\t\t\t<a href=\"https:\/\/fundacaobm.org.br\/fbm\/2023\/08\/mba-ipog-gestao-em-seguranca-publica\/\" >\n\t\t\t\tMBA IPOG &#8211; Gest\u00e3o em Seguran\u00e7a P\u00fablica\t\t\t<\/a>\n\t\t<\/h3>\n\t\t\t\t<div class=\"elementor-post__meta-data\">\n\t\t\t\t\t<span class=\"elementor-post-date\">\n\t\t\t30 de agosto de 2023\t\t<\/span>\n\t\t\t\t<\/div>\n\t\t\t\t<\/div>\n\t\t\t\t<\/article>\n\t\t\t\t<article class=\"elementor-post elementor-grid-item post-1895 post type-post status-publish format-standard has-post-thumbnail hentry category-convenios\">\n\t\t\t\t<a class=\"elementor-post__thumbnail__link\" href=\"https:\/\/fundacaobm.org.br\/fbm\/2023\/07\/fbm-firma-parceria-com-a-fmp\/\" tabindex=\"-1\" >\n\t\t\t<div class=\"elementor-post__thumbnail\"><img decoding=\"async\" width=\"300\" height=\"300\" src=\"https:\/\/fundacaobm.org.br\/fbm\/wp-content\/uploads\/2023\/07\/3527-FEED-300x300.png\" class=\"attachment-medium size-medium wp-image-1897\" alt=\"\" srcset=\"https:\/\/fundacaobm.org.br\/fbm\/wp-content\/uploads\/2023\/07\/3527-FEED-300x300.png 300w, https:\/\/fundacaobm.org.br\/fbm\/wp-content\/uploads\/2023\/07\/3527-FEED-1024x1024.png 1024w, https:\/\/fundacaobm.org.br\/fbm\/wp-content\/uploads\/2023\/07\/3527-FEED-150x150.png 150w, https:\/\/fundacaobm.org.br\/fbm\/wp-content\/uploads\/2023\/07\/3527-FEED-768x768.png 768w, https:\/\/fundacaobm.org.br\/fbm\/wp-content\/uploads\/2023\/07\/3527-FEED.png 1080w\" sizes=\"(max-width: 300px) 100vw, 300px\" \/><\/div>\n\t\t<\/a>\n\t\t\t\t<div class=\"elementor-post__text\">\n\t\t\t\t<h3 class=\"elementor-post__title\">\n\t\t\t<a href=\"https:\/\/fundacaobm.org.br\/fbm\/2023\/07\/fbm-firma-parceria-com-a-fmp\/\" >\n\t\t\t\tFBM firma parceria com a FMP\t\t\t<\/a>\n\t\t<\/h3>\n\t\t\t\t<div class=\"elementor-post__meta-data\">\n\t\t\t\t\t<span class=\"elementor-post-date\">\n\t\t\t7 de julho de 2023\t\t<\/span>\n\t\t\t\t<\/div>\n\t\t\t\t<\/div>\n\t\t\t\t<\/article>\n\t\t\t\t<article class=\"elementor-post elementor-grid-item post-1887 post type-post status-publish format-standard has-post-thumbnail hentry category-convenios\">\n\t\t\t\t<a class=\"elementor-post__thumbnail__link\" href=\"https:\/\/fundacaobm.org.br\/fbm\/2023\/04\/parceria-entre-a-fbm-e-o-ipog-instituto-de-pos-graduacao-3\/\" tabindex=\"-1\" >\n\t\t\t<div class=\"elementor-post__thumbnail\"><img loading=\"lazy\" decoding=\"async\" width=\"171\" height=\"300\" src=\"https:\/\/fundacaobm.org.br\/fbm\/wp-content\/uploads\/2023\/04\/fundacao-171x300.jpg\" class=\"attachment-medium size-medium wp-image-1888\" alt=\"\" srcset=\"https:\/\/fundacaobm.org.br\/fbm\/wp-content\/uploads\/2023\/04\/fundacao-171x300.jpg 171w, https:\/\/fundacaobm.org.br\/fbm\/wp-content\/uploads\/2023\/04\/fundacao-585x1024.jpg 585w, https:\/\/fundacaobm.org.br\/fbm\/wp-content\/uploads\/2023\/04\/fundacao-768x1344.jpg 768w, https:\/\/fundacaobm.org.br\/fbm\/wp-content\/uploads\/2023\/04\/fundacao-877x1536.jpg 877w, https:\/\/fundacaobm.org.br\/fbm\/wp-content\/uploads\/2023\/04\/fundacao.jpg 914w\" sizes=\"(max-width: 171px) 100vw, 171px\" \/><\/div>\n\t\t<\/a>\n\t\t\t\t<div class=\"elementor-post__text\">\n\t\t\t\t<h3 class=\"elementor-post__title\">\n\t\t\t<a href=\"https:\/\/fundacaobm.org.br\/fbm\/2023\/04\/parceria-entre-a-fbm-e-o-ipog-instituto-de-pos-graduacao-3\/\" >\n\t\t\t\tParceria entre a\u00a0FBM\u00a0e o IPOG INSTITUTO DE P\u00d3S-GRADUA\u00c7\u00c3O\t\t\t<\/a>\n\t\t<\/h3>\n\t\t\t\t<div class=\"elementor-post__meta-data\">\n\t\t\t\t\t<span class=\"elementor-post-date\">\n\t\t\t18 de abril de 2023\t\t<\/span>\n\t\t\t\t<\/div>\n\t\t\t\t<\/div>\n\t\t\t\t<\/article>\n\t\t\t\t<article class=\"elementor-post elementor-grid-item post-1877 post type-post status-publish format-standard has-post-thumbnail hentry category-convenios\">\n\t\t\t\t<a class=\"elementor-post__thumbnail__link\" href=\"https:\/\/fundacaobm.org.br\/fbm\/2023\/01\/ipos-graduacao-em-computacao-forense-e-seguranca-da-informacao\/\" tabindex=\"-1\" >\n\t\t\t<div class=\"elementor-post__thumbnail\"><img loading=\"lazy\" decoding=\"async\" width=\"172\" height=\"300\" src=\"https:\/\/fundacaobm.org.br\/fbm\/wp-content\/uploads\/2023\/01\/Imagem1-172x300.jpg\" class=\"attachment-medium size-medium wp-image-1878\" alt=\"\" srcset=\"https:\/\/fundacaobm.org.br\/fbm\/wp-content\/uploads\/2023\/01\/Imagem1-172x300.jpg 172w, https:\/\/fundacaobm.org.br\/fbm\/wp-content\/uploads\/2023\/01\/Imagem1.jpg 323w\" sizes=\"(max-width: 172px) 100vw, 172px\" \/><\/div>\n\t\t<\/a>\n\t\t\t\t<div class=\"elementor-post__text\">\n\t\t\t\t<h3 class=\"elementor-post__title\">\n\t\t\t<a href=\"https:\/\/fundacaobm.org.br\/fbm\/2023\/01\/ipos-graduacao-em-computacao-forense-e-seguranca-da-informacao\/\" >\n\t\t\t\tIP\u00d3S-GRADUA\u00c7\u00c3O EM COMPUTA\u00c7\u00c3O FORENSE E SEGURAN\u00c7A DA INFORMA\u00c7\u00c3O.\u00a0\t\t\t<\/a>\n\t\t<\/h3>\n\t\t\t\t<div class=\"elementor-post__meta-data\">\n\t\t\t\t\t<span class=\"elementor-post-date\">\n\t\t\t24 de janeiro de 2023\t\t<\/span>\n\t\t\t\t<\/div>\n\t\t\t\t<\/div>\n\t\t\t\t<\/article>\n\t\t\t\t<\/div>\n\t\t\n\t\t\t\t\t\t<\/div>\n\t\t\t\t<\/div>\n\t\t\t\t\t<\/div>\n\t\t\t\t<\/div>\n\t\t\t\t<\/div>\n\t\t","protected":false},"excerpt":{"rendered":"<p>NOT\u00cdCIAS FBM NOVOS CONV\u00caNIOS (ver todos)<\/p>\n","protected":false},"author":1,"featured_media":0,"parent":0,"menu_order":0,"comment_status":"closed","ping_status":"closed","template":"elementor_header_footer","meta":{"footnotes":""},"class_list":["post-1124","page","type-page","status-publish","hentry"],"_links":{"self":[{"href":"https:\/\/fundacaobm.org.br\/fbm\/wp-json\/wp\/v2\/pages\/1124","targetHints":{"allow":["GET"]}}],"collection":[{"href":"https:\/\/fundacaobm.org.br\/fbm\/wp-json\/wp\/v2\/pages"}],"about":[{"href":"https:\/\/fundacaobm.org.br\/fbm\/wp-json\/wp\/v2\/types\/page"}],"author":[{"embeddable":true,"href":"https:\/\/fundacaobm.org.br\/fbm\/wp-json\/wp\/v2\/users\/1"}],"replies":[{"embeddable":true,"href":"https:\/\/fundacaobm.org.br\/fbm\/wp-json\/wp\/v2\/comments?post=1124"}],"version-history":[{"count":7,"href":"https:\/\/fundacaobm.org.br\/fbm\/wp-json\/wp\/v2\/pages\/1124\/revisions"}],"predecessor-version":[{"id":2012,"href":"https:\/\/fundacaobm.org.br\/fbm\/wp-json\/wp\/v2\/pages\/1124\/revisions\/2012"}],"wp:attachment":[{"href":"https:\/\/fundacaobm.org.br\/fbm\/wp-json\/wp\/v2\/media?parent=1124"}],"curies":[{"name":"wp","href":"https:\/\/api.w.org\/{rel}","templated":true}]}}